{"id":800,"date":"2025-12-01T20:21:28","date_gmt":"2025-12-01T20:21:28","guid":{"rendered":"https:\/\/agroamancay.cl\/wp\/?page_id=800"},"modified":"2026-02-02T12:08:29","modified_gmt":"2026-02-02T12:08:29","slug":"plagas","status":"publish","type":"page","link":"https:\/\/agroamancay.cl\/wp\/plagas\/","title":{"rendered":"Servicios &#8211; Plagas"},"content":{"rendered":"\t\t<div data-elementor-type=\"wp-page\" data-elementor-id=\"800\" class=\"elementor elementor-800\" data-elementor-post-type=\"page\">\n\t\t\t\t<div class=\"elementor-element elementor-element-28645bbe e-flex e-con-boxed e-con e-parent\" data-id=\"28645bbe\" data-element_type=\"container\">\n\t\t\t\t\t<div class=\"e-con-inner\">\n\t\t<div class=\"elementor-element elementor-element-1cd65f2d e-con-full e-flex e-con e-child\" data-id=\"1cd65f2d\" data-element_type=\"container\">\n\t\t\t\t<div class=\"elementor-element elementor-element-654c12d6 elementor-widget elementor-widget-heading\" data-id=\"654c12d6\" data-element_type=\"widget\" data-widget_type=\"heading.default\">\n\t\t\t\t\t<h1 class=\"elementor-heading-title elementor-size-default\">SAnidad ambiental<\/h1>\t\t\t\t<\/div>\n\t\t\t\t<div class=\"elementor-element elementor-element-1780a45c elementor-widget elementor-widget-text-editor\" data-id=\"1780a45c\" data-element_type=\"widget\" data-widget_type=\"text-editor.default\">\n\t\t\t\t\t\t\t\t\t<p>Desinsectaci\u00f3n, sanitizaci\u00f3n y desratizaci\u00f3n profesional para la industria del norte.<\/p>\t\t\t\t\t\t\t\t<\/div>\n\t\t\t\t<\/div>\n\t\t<div class=\"elementor-element elementor-element-484d55e e-con-full e-flex e-con e-child\" data-id=\"484d55e\" data-element_type=\"container\">\n\t\t\t\t<div class=\"elementor-element elementor-element-3015d83f elementor-widget elementor-widget-image\" data-id=\"3015d83f\" data-element_type=\"widget\" data-widget_type=\"image.default\">\n\t\t\t\t\t\t\t\t\t\t\t\t\t\t\t<img fetchpriority=\"high\" decoding=\"async\" width=\"800\" height=\"600\" src=\"https:\/\/agroamancay.cl\/wp\/wp-content\/uploads\/2025\/12\/Fumigacion-11-1024x768.jpg\" class=\"attachment-large size-large wp-image-699\" alt=\"\" srcset=\"https:\/\/agroamancay.cl\/wp\/wp-content\/uploads\/2025\/12\/Fumigacion-11-1024x768.jpg 1024w, https:\/\/agroamancay.cl\/wp\/wp-content\/uploads\/2025\/12\/Fumigacion-11-300x225.jpg 300w, https:\/\/agroamancay.cl\/wp\/wp-content\/uploads\/2025\/12\/Fumigacion-11-768x576.jpg 768w, https:\/\/agroamancay.cl\/wp\/wp-content\/uploads\/2025\/12\/Fumigacion-11-1536x1152.jpg 1536w, https:\/\/agroamancay.cl\/wp\/wp-content\/uploads\/2025\/12\/Fumigacion-11.jpg 2048w\" sizes=\"(max-width: 800px) 100vw, 800px\" \/>\t\t\t\t\t\t\t\t\t\t\t\t\t\t\t<\/div>\n\t\t\t\t<\/div>\n\t\t\t\t\t<\/div>\n\t\t\t\t<\/div>\n\t\t<div class=\"elementor-element elementor-element-193c0b4b e-flex e-con-boxed e-con e-parent\" data-id=\"193c0b4b\" data-element_type=\"container\" data-settings=\"{&quot;background_background&quot;:&quot;classic&quot;}\">\n\t\t\t\t\t<div class=\"e-con-inner\">\n\t\t<div class=\"elementor-element elementor-element-713d3ffc e-con-full e-flex e-con e-child\" data-id=\"713d3ffc\" data-element_type=\"container\">\n\t\t\t\t<div class=\"elementor-element elementor-element-32ce563e elementor-widget elementor-widget-heading\" data-id=\"32ce563e\" data-element_type=\"widget\" data-widget_type=\"heading.default\">\n\t\t\t\t\t<h2 class=\"elementor-heading-title elementor-size-default\">Protecci\u00f3n integral contra plagas\n<\/h2>\t\t\t\t<\/div>\n\t\t\t\t<div class=\"elementor-element elementor-element-1c40e251 elementor-widget-tablet__width-initial elementor-widget__width-initial elementor-widget elementor-widget-text-editor\" data-id=\"1c40e251\" data-element_type=\"widget\" data-widget_type=\"text-editor.default\">\n\t\t\t\t\t\t\t\t\t<p>Ofrecemos servicios especializados de fumigaci\u00f3n y desratizaci\u00f3n dise\u00f1ados para las exigentes condiciones del norte de Chile. Nuestro equipo de t\u00e9cnicos certificados utiliza productos autorizados por el ISP (Instituto de Salud P\u00fablica) y t\u00e9cnicas de \u00faltima generaci\u00f3n para eliminar y prevenir infestaciones de insectos, roedores y otras plagas comunes en instalaciones industriales, mineras y comerciales. Cada intervenci\u00f3n incluye un diagn\u00f3stico inicial, plan de acci\u00f3n personalizado y seguimiento posterior para garantizar resultados efectivos y duraderos.<\/p>\t\t\t\t\t\t\t\t<\/div>\n\t\t\t\t<\/div>\n\t\t\t\t\t<\/div>\n\t\t\t\t<\/div>\n\t\t<div class=\"elementor-element elementor-element-670777b6 e-flex e-con-boxed e-con e-parent\" data-id=\"670777b6\" data-element_type=\"container\" data-settings=\"{&quot;background_background&quot;:&quot;classic&quot;}\">\n\t\t\t\t\t<div class=\"e-con-inner\">\n\t\t<div class=\"elementor-element elementor-element-6e052173 e-con-full e-flex e-con e-child\" data-id=\"6e052173\" data-element_type=\"container\">\n\t\t\t\t<div class=\"elementor-element elementor-element-2ab9dd17 elementor-widget elementor-widget-heading\" data-id=\"2ab9dd17\" data-element_type=\"widget\" data-widget_type=\"heading.default\">\n\t\t\t\t\t<h2 class=\"elementor-heading-title elementor-size-default\">Cumplimiento normativo y seguridad garantizada<\/h2>\t\t\t\t<\/div>\n\t\t\t\t<div class=\"elementor-element elementor-element-704e7e16 elementor-widget elementor-widget-text-editor\" data-id=\"704e7e16\" data-element_type=\"widget\" data-widget_type=\"text-editor.default\">\n\t\t\t\t\t\t\t\t\t<p>Entendemos que el control de plagas es cr\u00edtico para mantener los est\u00e1ndares de higiene y seguridad que exigen las operaciones industriales y mineras. Por eso, todos nuestros procedimientos est\u00e1n alineados con las normativas sanitarias vigentes y respaldados por nuestras certificaciones ISO. Emitimos certificados de tratamiento y reportes detallados que respaldan el cumplimiento de las auditor\u00edas de calidad. Ya sea un programa preventivo regular o una intervenci\u00f3n de emergencia, nos adaptamos a los horarios operacionales de tu empresa para minimizar interrupciones mientras protegemos la salud de tus trabajadores y la continuidad de tus operaciones.<\/p>\t\t\t\t\t\t\t\t<\/div>\n\t\t\t\t<\/div>\n\t\t<div class=\"elementor-element elementor-element-5b5fceab e-con-full e-flex e-con e-child\" data-id=\"5b5fceab\" data-element_type=\"container\">\n\t\t\t\t<div class=\"elementor-element elementor-element-6b639da8 elementor-widget__width-inherit elementor-widget elementor-widget-image\" data-id=\"6b639da8\" data-element_type=\"widget\" data-widget_type=\"image.default\">\n\t\t\t\t\t\t\t\t\t\t\t\t\t\t\t<img decoding=\"async\" width=\"576\" height=\"1024\" src=\"https:\/\/agroamancay.cl\/wp\/wp-content\/uploads\/2025\/12\/Trabajador_3.7.1-576x1024.png\" class=\"attachment-large size-large wp-image-1214\" alt=\"\" srcset=\"https:\/\/agroamancay.cl\/wp\/wp-content\/uploads\/2025\/12\/Trabajador_3.7.1-576x1024.png 576w, https:\/\/agroamancay.cl\/wp\/wp-content\/uploads\/2025\/12\/Trabajador_3.7.1-169x300.png 169w, https:\/\/agroamancay.cl\/wp\/wp-content\/uploads\/2025\/12\/Trabajador_3.7.1-768x1365.png 768w, https:\/\/agroamancay.cl\/wp\/wp-content\/uploads\/2025\/12\/Trabajador_3.7.1-864x1536.png 864w, https:\/\/agroamancay.cl\/wp\/wp-content\/uploads\/2025\/12\/Trabajador_3.7.1.png 1080w\" sizes=\"(max-width: 576px) 100vw, 576px\" \/>\t\t\t\t\t\t\t\t\t\t\t\t\t\t\t<\/div>\n\t\t\t\t<\/div>\n\t\t\t\t\t<\/div>\n\t\t\t\t<\/div>\n\t\t<div class=\"elementor-element elementor-element-4e803cbe e-grid e-con-full e-con e-child\" data-id=\"4e803cbe\" data-element_type=\"container\" data-settings=\"{&quot;background_background&quot;:&quot;classic&quot;}\">\n\t\t\t\t<div class=\"elementor-element elementor-element-4655c76 elementor-widget elementor-widget-image\" data-id=\"4655c76\" data-element_type=\"widget\" data-widget_type=\"image.default\">\n\t\t\t\t\t\t\t\t\t\t\t\t\t\t\t<img decoding=\"async\" width=\"1080\" height=\"1920\" src=\"https:\/\/agroamancay.cl\/wp\/wp-content\/uploads\/2025\/12\/Trabajador_3.7.1.png\" class=\"attachment-full size-full wp-image-1214\" alt=\"\" srcset=\"https:\/\/agroamancay.cl\/wp\/wp-content\/uploads\/2025\/12\/Trabajador_3.7.1.png 1080w, https:\/\/agroamancay.cl\/wp\/wp-content\/uploads\/2025\/12\/Trabajador_3.7.1-169x300.png 169w, https:\/\/agroamancay.cl\/wp\/wp-content\/uploads\/2025\/12\/Trabajador_3.7.1-576x1024.png 576w, https:\/\/agroamancay.cl\/wp\/wp-content\/uploads\/2025\/12\/Trabajador_3.7.1-768x1365.png 768w, https:\/\/agroamancay.cl\/wp\/wp-content\/uploads\/2025\/12\/Trabajador_3.7.1-864x1536.png 864w\" sizes=\"(max-width: 1080px) 100vw, 1080px\" \/>\t\t\t\t\t\t\t\t\t\t\t\t\t\t\t<\/div>\n\t\t<div class=\"elementor-element elementor-element-5a7483c4 e-con-full e-flex e-con e-child\" data-id=\"5a7483c4\" data-element_type=\"container\">\n\t\t\t\t<div class=\"elementor-element elementor-element-3e9235ec elementor-widget elementor-widget-heading\" data-id=\"3e9235ec\" data-element_type=\"widget\" data-widget_type=\"heading.default\">\n\t\t\t\t\t<h2 class=\"elementor-heading-title elementor-size-default\">Escr\u00edbenos<\/h2>\t\t\t\t<\/div>\n\t\t\t\t<div class=\"elementor-element elementor-element-24c57241 elementor-widget elementor-widget-text-editor\" data-id=\"24c57241\" data-element_type=\"widget\" data-widget_type=\"text-editor.default\">\n\t\t\t\t\t\t\t\t\t<p>D\u00e9janos un mensaje y nos contactaremos contigo.<\/p>\t\t\t\t\t\t\t\t<\/div>\n\t\t\t\t<div class=\"elementor-element elementor-element-368e40e2 elementor-button-align-stretch elementor-widget elementor-widget-form\" data-id=\"368e40e2\" data-element_type=\"widget\" data-settings=\"{&quot;button_width&quot;:&quot;20&quot;,&quot;step_next_label&quot;:&quot;Next&quot;,&quot;step_previous_label&quot;:&quot;Previous&quot;,&quot;step_type&quot;:&quot;number_text&quot;,&quot;step_icon_shape&quot;:&quot;circle&quot;}\" data-widget_type=\"form.default\">\n\t\t\t\t\t\t\t<form class=\"elementor-form\" method=\"post\" name=\"New Form\" aria-label=\"New Form\">\n\t\t\t<input type=\"hidden\" name=\"post_id\" value=\"800\"\/>\n\t\t\t<input type=\"hidden\" name=\"form_id\" value=\"368e40e2\"\/>\n\t\t\t<input type=\"hidden\" name=\"referer_title\" value=\"Servicios &#8211; Plagas\" \/>\n\n\t\t\t\t\t\t\t<input type=\"hidden\" name=\"queried_id\" value=\"800\"\/>\n\t\t\t\n\t\t\t<div class=\"elementor-form-fields-wrapper elementor-labels-above\">\n\t\t\t\t\t\t\t\t<div class=\"elementor-field-type-text elementor-field-group elementor-column elementor-field-group-name elementor-col-100\">\n\t\t\t\t\t\t\t\t\t\t\t\t<label for=\"form-field-name\" class=\"elementor-field-label\">\n\t\t\t\t\t\t\t\tNombre\t\t\t\t\t\t\t<\/label>\n\t\t\t\t\t\t\t\t\t\t\t\t\t\t<input size=\"1\" type=\"text\" name=\"form_fields[name]\" id=\"form-field-name\" class=\"elementor-field elementor-size-sm  elementor-field-textual\" placeholder=\"Nombre\">\n\t\t\t\t\t\t\t\t\t\t\t<\/div>\n\t\t\t\t\t\t\t\t<div class=\"elementor-field-type-email elementor-field-group elementor-column elementor-field-group-email elementor-col-100 elementor-field-required\">\n\t\t\t\t\t\t\t\t\t\t\t\t<label for=\"form-field-email\" class=\"elementor-field-label\">\n\t\t\t\t\t\t\t\tEmail\t\t\t\t\t\t\t<\/label>\n\t\t\t\t\t\t\t\t\t\t\t\t\t\t<input size=\"1\" type=\"email\" name=\"form_fields[email]\" id=\"form-field-email\" class=\"elementor-field elementor-size-sm  elementor-field-textual\" placeholder=\"Email\" required=\"required\">\n\t\t\t\t\t\t\t\t\t\t\t<\/div>\n\t\t\t\t\t\t\t\t<div class=\"elementor-field-type-textarea elementor-field-group elementor-column elementor-field-group-message elementor-col-100\">\n\t\t\t\t\t\t\t\t\t\t\t\t<label for=\"form-field-message\" class=\"elementor-field-label\">\n\t\t\t\t\t\t\t\tMensaje\t\t\t\t\t\t\t<\/label>\n\t\t\t\t\t\t<textarea class=\"elementor-field-textual elementor-field  elementor-size-sm\" name=\"form_fields[message]\" id=\"form-field-message\" rows=\"4\" placeholder=\"Mensaje\"><\/textarea>\t\t\t\t<\/div>\n\t\t\t\t\t\t\t\t<div class=\"elementor-field-group elementor-column elementor-field-type-submit elementor-col-20 e-form__buttons\">\n\t\t\t\t\t<button class=\"elementor-button elementor-size-sm\" type=\"submit\">\n\t\t\t\t\t\t<span class=\"elementor-button-content-wrapper\">\n\t\t\t\t\t\t\t\t\t\t\t\t\t\t\t\t\t\t\t\t\t\t<span class=\"elementor-button-text\">Enviar<\/span>\n\t\t\t\t\t\t\t\t\t\t\t\t\t<\/span>\n\t\t\t\t\t<\/button>\n\t\t\t\t<\/div>\n\t\t\t<\/div>\n\t\t<\/form>\n\t\t\t\t\t\t<\/div>\n\t\t\t\t<\/div>\n\t\t\t\t<\/div>\n\t\t<div class=\"elementor-element elementor-element-38ef4f51 e-flex e-con-boxed e-con e-parent\" data-id=\"38ef4f51\" data-element_type=\"container\" data-settings=\"{&quot;background_background&quot;:&quot;classic&quot;}\">\n\t\t\t\t\t<div class=\"e-con-inner\">\n\t\t\t\t<div class=\"elementor-element elementor-element-1ecc6804 elementor-widget-divider--view-line elementor-widget elementor-widget-divider\" data-id=\"1ecc6804\" data-element_type=\"widget\" data-widget_type=\"divider.default\">\n\t\t\t\t\t\t\t<div class=\"elementor-divider\">\n\t\t\t<span class=\"elementor-divider-separator\">\n\t\t\t\t\t\t<\/span>\n\t\t<\/div>\n\t\t\t\t\t\t<\/div>\n\t\t\t\t\t<\/div>\n\t\t\t\t<\/div>\n\t\t\t\t<\/div>\n\t\t","protected":false},"excerpt":{"rendered":"<p>SAnidad ambiental Desinsectaci\u00f3n, sanitizaci\u00f3n y desratizaci\u00f3n profesional para la industria del norte. Protecci\u00f3n integral contra plagas Ofrecemos servicios especializados de fumigaci\u00f3n y desratizaci\u00f3n dise\u00f1ados para las exigentes condiciones del norte de Chile. Nuestro equipo de t\u00e9cnicos certificados utiliza productos autorizados por el ISP (Instituto de Salud P\u00fablica) y t\u00e9cnicas de \u00faltima generaci\u00f3n para eliminar y [&hellip;]<\/p>\n","protected":false},"author":2,"featured_media":0,"parent":0,"menu_order":0,"comment_status":"closed","ping_status":"closed","template":"","meta":{"footnotes":""},"class_list":["post-800","page","type-page","status-publish","hentry"],"_links":{"self":[{"href":"https:\/\/agroamancay.cl\/wp\/wp-json\/wp\/v2\/pages\/800","targetHints":{"allow":["GET"]}}],"collection":[{"href":"https:\/\/agroamancay.cl\/wp\/wp-json\/wp\/v2\/pages"}],"about":[{"href":"https:\/\/agroamancay.cl\/wp\/wp-json\/wp\/v2\/types\/page"}],"author":[{"embeddable":true,"href":"https:\/\/agroamancay.cl\/wp\/wp-json\/wp\/v2\/users\/2"}],"replies":[{"embeddable":true,"href":"https:\/\/agroamancay.cl\/wp\/wp-json\/wp\/v2\/comments?post=800"}],"version-history":[{"count":9,"href":"https:\/\/agroamancay.cl\/wp\/wp-json\/wp\/v2\/pages\/800\/revisions"}],"predecessor-version":[{"id":1659,"href":"https:\/\/agroamancay.cl\/wp\/wp-json\/wp\/v2\/pages\/800\/revisions\/1659"}],"wp:attachment":[{"href":"https:\/\/agroamancay.cl\/wp\/wp-json\/wp\/v2\/media?parent=800"}],"curies":[{"name":"wp","href":"https:\/\/api.w.org\/{rel}","templated":true}]}}